{"id":413,"date":"2013-09-23T04:07:37","date_gmt":"2013-09-23T02:07:37","guid":{"rendered":"http:\/\/creativeunit.at\/nwhp\/?page_id=413"},"modified":"2023-03-25T11:59:56","modified_gmt":"2023-03-25T10:59:56","slug":"aktuelle-faelle","status":"publish","type":"page","link":"https:\/\/www.nwhp.at\/en\/aktuelle-faelle\/","title":{"rendered":"Aktuelle F\u00e4lle"},"content":{"rendered":"\t\t<div data-elementor-type=\"wp-page\" data-elementor-id=\"413\" class=\"elementor elementor-413 elementor-324\">\n\t\t\t\t\t\t\t\t\t<section class=\"elementor-section elementor-top-section elementor-element elementor-element-8c0ed30 elementor-section-boxed elementor-section-height-default elementor-section-height-default\" data-id=\"8c0ed30\" data-element_type=\"section\" data-settings=\"{&quot;jet_parallax_layout_list&quot;:[]}\">\n\t\t\t\t\t\t<div class=\"elementor-container elementor-column-gap-default\">\n\t\t\t\t\t<div class=\"elementor-column elementor-col-100 elementor-top-column elementor-element elementor-element-6c3c3fd\" data-id=\"6c3c3fd\" data-element_type=\"column\">\n\t\t\t<div class=\"elementor-widget-wrap elementor-element-populated\">\n\t\t\t\t\t\t\t\t<div class=\"elementor-element elementor-element-c700eb0 elementor-widget elementor-widget-raven-posts\" data-id=\"c700eb0\" data-element_type=\"widget\" data-settings=\"{&quot;classic_show_pagination&quot;:&quot;yes&quot;,&quot;classic_pagination_type&quot;:&quot;infinite_load&quot;,&quot;classic_columns&quot;:&quot;2&quot;,&quot;_skin&quot;:&quot;classic&quot;,&quot;classic_layout&quot;:&quot;grid&quot;,&quot;classic_columns_tablet&quot;:&quot;2&quot;,&quot;classic_columns_mobile&quot;:&quot;1&quot;,&quot;query_posts_per_page&quot;:6,&quot;query_offset&quot;:0}\" data-widget_type=\"raven-posts.classic\">\n\t\t\t\t<div class=\"elementor-widget-container\">\n\t\t\t\t\t<div class=\"raven-posts raven-grid raven-grid-2 raven-grid-mobile-1 raven-grid-tablet-2\" data-post-id=\"413\" data-archive-query=\"\">\n\t\t\t\t<div class=\"raven-grid-item raven-post-item post-2540 post type-post status-publish format-standard has-post-thumbnail hentry category-actualcases category-aktuelles category-wienwert tag-wienwert\">\n\t\t\t<div class=\"raven-post elementor-animation-grow\">\n\t\t\t\t\t\t<div class=\"raven-post-image-wrap\">\n\t\t\t<a class=\"raven-post-image raven-image-fit\" href=\"https:\/\/www.nwhp.at\/en\/wienwert-insolvenz-der-ww-holding-ag-betroffenen-anleihen\/\"><img width=\"1024\" height=\"683\" src=\"https:\/\/www.nwhp.at\/wp-content\/uploads\/2022\/03\/johannes-ortner-bf8R8CTi4sQ-unsplash-1024x683.jpg\" class=\"attachment-large size-large wp-image-2544\" alt=\"\" loading=\"lazy\" srcset=\"https:\/\/www.nwhp.at\/wp-content\/uploads\/2022\/03\/johannes-ortner-bf8R8CTi4sQ-unsplash-1024x683.jpg 1024w, https:\/\/www.nwhp.at\/wp-content\/uploads\/2022\/03\/johannes-ortner-bf8R8CTi4sQ-unsplash-300x200.jpg 300w, https:\/\/www.nwhp.at\/wp-content\/uploads\/2022\/03\/johannes-ortner-bf8R8CTi4sQ-unsplash-768x512.jpg 768w, https:\/\/www.nwhp.at\/wp-content\/uploads\/2022\/03\/johannes-ortner-bf8R8CTi4sQ-unsplash-1536x1024.jpg 1536w, https:\/\/www.nwhp.at\/wp-content\/uploads\/2022\/03\/johannes-ortner-bf8R8CTi4sQ-unsplash.jpg 1920w\" sizes=\"(max-width: 1024px) 100vw, 1024px\" \/> <span class=\"raven-post-image-overlay\"><\/span><\/a>\t\t<\/div>\n\t\t\t\t\t\t<div class=\"raven-post-content\">\n\t\t\t\t\t<h4 class=\"raven-post-title\"><a class=\"raven-post-title-link\" href=\"https:\/\/www.nwhp.at\/en\/wienwert-insolvenz-der-ww-holding-ag-betroffenen-anleihen\/\">Wienwert: Anleihen und Insolvenz der WW Holding AG<\/a><\/h4>\t\t<div class=\"raven-post-meta\"><a class=\"raven-post-meta-item raven-post-date\" href=\"https:\/\/www.nwhp.at\/en\/2023\/06\/\" rel=\"bookmark\">16. June 2023<\/a>\n<span class=\"raven-post-meta-divider\">\/<\/span>\n<span class=\"raven-post-meta-item raven-post-categories\"><a href=\"https:\/\/www.nwhp.at\/en\/category\/actualcases\/\" rel=\"tag\">actual cases<\/a>, <a href=\"https:\/\/www.nwhp.at\/en\/category\/aktuelles\/\" rel=\"tag\">Aktuelles<\/a>, <a href=\"https:\/\/www.nwhp.at\/en\/category\/actualcases\/wienwert\/\" rel=\"tag\">Wienwert<\/a><\/span>\n<span class=\"raven-post-meta-divider\">\/<\/span>\n<span class=\"raven-post-meta-item raven-post-tags\"><a href=\"https:\/\/www.nwhp.at\/en\/tag\/wienwert\/\" rel=\"tag\">wienwert<\/a><\/span><\/div>\n\t\t\t\t<div class=\"raven-post-excerpt\">UPDATE: Die Kuratorin, Dr. Pariasek, teilte mit, dass es ihr gelungen ist, mit dem vormals f\u00fcr die WW Holding AG t\u00e4tigen Treuh\u00e4nder einen au\u00dfergerichtlichen Vergleich abzuschlie\u00dfen. Der jeweils gesch\u00e4digte Anleger<\/div>\n\t\t\t\t<div class=\"raven-post-read-more\">\n\t\t\t<a class=\"raven-post-button\" href=\"https:\/\/www.nwhp.at\/en\/wienwert-insolvenz-der-ww-holding-ag-betroffenen-anleihen\/\"><span class=\"raven-post-button-text\">Mehr lesen<\/span><\/a>\n\t\t<\/div>\n\t\t\t\t\t\t<\/div>\n\t\t\t<\/div>\n\t\t<\/div>\n\t\t\t\t<div class=\"raven-grid-item raven-post-item post-4111 post type-post status-publish format-standard has-post-thumbnail hentry category-aktuelles\">\n\t\t\t<div class=\"raven-post elementor-animation-grow\">\n\t\t\t\t\t\t<div class=\"raven-post-image-wrap\">\n\t\t\t<a class=\"raven-post-image raven-image-fit\" href=\"https:\/\/www.nwhp.at\/en\/maklerprovision-ade-in-gewissen-faellen-schon%ef%bf%bc\/\"><img width=\"1024\" height=\"769\" src=\"https:\/\/www.nwhp.at\/wp-content\/uploads\/2016\/02\/photo-1451191703739-5c2ad91bf6af-1024x769.jpg\" class=\"attachment-large size-large wp-image-1030\" alt=\"\" loading=\"lazy\" srcset=\"https:\/\/www.nwhp.at\/wp-content\/uploads\/2016\/02\/photo-1451191703739-5c2ad91bf6af-1024x769.jpg 1024w, https:\/\/www.nwhp.at\/wp-content\/uploads\/2016\/02\/photo-1451191703739-5c2ad91bf6af-300x225.jpg 300w, https:\/\/www.nwhp.at\/wp-content\/uploads\/2016\/02\/photo-1451191703739-5c2ad91bf6af-768x577.jpg 768w\" sizes=\"(max-width: 1024px) 100vw, 1024px\" \/> <span class=\"raven-post-image-overlay\"><\/span><\/a>\t\t<\/div>\n\t\t\t\t\t\t<div class=\"raven-post-content\">\n\t\t\t\t\t<h4 class=\"raven-post-title\"><a class=\"raven-post-title-link\" href=\"https:\/\/www.nwhp.at\/en\/maklerprovision-ade-in-gewissen-faellen-schon%ef%bf%bc\/\">Maklerprovision ad\u00e9? In gewissen F\u00e4llen schon!\ufffc<\/a><\/h4>\t\t<div class=\"raven-post-meta\"><a class=\"raven-post-meta-item raven-post-date\" href=\"https:\/\/www.nwhp.at\/en\/2023\/03\/\" rel=\"bookmark\">25. March 2023<\/a>\n<span class=\"raven-post-meta-divider\">\/<\/span>\n<span class=\"raven-post-meta-item raven-post-categories\"><a href=\"https:\/\/www.nwhp.at\/en\/category\/aktuelles\/\" rel=\"tag\">Aktuelles<\/a><\/span><\/div>\n\t\t\t\t<div class=\"raven-post-excerpt\">Am 22.03.2023 wurde das Maklergesetz-\u00c4nderungsgesetz im Bundesgesetzblatt I Nr. 24\/2023 herausgegeben, womit \u00a7 17a des Maklergesetzes (Regelung zu Provisionsvereinbarungen) und die dazugeh\u00f6rige Verwaltungsstrafbestimmung ge\u00e4ndert wird. Die im Folgenden beschriebenen \u00c4nderungen<\/div>\n\t\t\t\t<div class=\"raven-post-read-more\">\n\t\t\t<a class=\"raven-post-button\" href=\"https:\/\/www.nwhp.at\/en\/maklerprovision-ade-in-gewissen-faellen-schon%ef%bf%bc\/\"><span class=\"raven-post-button-text\">Mehr lesen<\/span><\/a>\n\t\t<\/div>\n\t\t\t\t\t\t<\/div>\n\t\t\t<\/div>\n\t\t<\/div>\n\t\t\t\t<div class=\"raven-grid-item raven-post-item post-3935 post type-post status-publish format-standard has-post-thumbnail hentry category-actualcases category-aktuelles category-allgemein-akutelle-faelle\">\n\t\t\t<div class=\"raven-post elementor-animation-grow\">\n\t\t\t\t\t\t<div class=\"raven-post-image-wrap\">\n\t\t\t<a class=\"raven-post-image raven-image-fit\" href=\"https:\/\/www.nwhp.at\/en\/verlassenschaften-liegenschaften-und-steuern-eine-uebergangsbestimmung-die-abgaben-sparen-kann\/\"><img width=\"1024\" height=\"683\" src=\"https:\/\/www.nwhp.at\/wp-content\/uploads\/2023\/03\/verlassenschaft-1024x683.jpg\" class=\"attachment-large size-large wp-image-3936\" alt=\"\" loading=\"lazy\" srcset=\"https:\/\/www.nwhp.at\/wp-content\/uploads\/2023\/03\/verlassenschaft-1024x683.jpg 1024w, https:\/\/www.nwhp.at\/wp-content\/uploads\/2023\/03\/verlassenschaft-300x200.jpg 300w, https:\/\/www.nwhp.at\/wp-content\/uploads\/2023\/03\/verlassenschaft-768x512.jpg 768w, https:\/\/www.nwhp.at\/wp-content\/uploads\/2023\/03\/verlassenschaft-1536x1025.jpg 1536w, https:\/\/www.nwhp.at\/wp-content\/uploads\/2023\/03\/verlassenschaft.jpg 1920w\" sizes=\"(max-width: 1024px) 100vw, 1024px\" \/> <span class=\"raven-post-image-overlay\"><\/span><\/a>\t\t<\/div>\n\t\t\t\t\t\t<div class=\"raven-post-content\">\n\t\t\t\t\t<h4 class=\"raven-post-title\"><a class=\"raven-post-title-link\" href=\"https:\/\/www.nwhp.at\/en\/verlassenschaften-liegenschaften-und-steuern-eine-uebergangsbestimmung-die-abgaben-sparen-kann\/\">Verlassenschaften, Liegenschaften und Steuern:\u00a0Eine \u00dcbergangsbestimmung, die Abgaben sparen kann!<\/a><\/h4>\t\t<div class=\"raven-post-meta\"><a class=\"raven-post-meta-item raven-post-date\" href=\"https:\/\/www.nwhp.at\/en\/2023\/03\/\" rel=\"bookmark\">3. March 2023<\/a>\n<span class=\"raven-post-meta-divider\">\/<\/span>\n<span class=\"raven-post-meta-item raven-post-categories\"><a href=\"https:\/\/www.nwhp.at\/en\/category\/actualcases\/\" rel=\"tag\">actual cases<\/a>, <a href=\"https:\/\/www.nwhp.at\/en\/category\/aktuelles\/\" rel=\"tag\">Aktuelles<\/a>, <a href=\"https:\/\/www.nwhp.at\/en\/category\/actualcases\/allgemein-akutelle-faelle\/\" rel=\"tag\">Allgemein<\/a><\/span><\/div>\n\t\t\t\t<div class=\"raven-post-excerpt\">Verlassenschaftsabhandlungen k\u00f6nnen durch sogenannte Erbrechtsfeststellungsverfahren oder sonstige Umst\u00e4nde regelrecht blockiert werden; dies mitunter auch \u00fcber Jahre hinweg. Ein Erbrechtsfeststellungsverfahren ist ein Verfahren, das w\u00e4hrend des Verlassenschaftsverfahrens eingeleitet wird, wenn potenzielle<\/div>\n\t\t\t\t<div class=\"raven-post-read-more\">\n\t\t\t<a class=\"raven-post-button\" href=\"https:\/\/www.nwhp.at\/en\/verlassenschaften-liegenschaften-und-steuern-eine-uebergangsbestimmung-die-abgaben-sparen-kann\/\"><span class=\"raven-post-button-text\">Mehr lesen<\/span><\/a>\n\t\t<\/div>\n\t\t\t\t\t\t<\/div>\n\t\t\t<\/div>\n\t\t<\/div>\n\t\t\t\t<div class=\"raven-grid-item raven-post-item post-3835 post type-post status-publish format-standard has-post-thumbnail hentry category-actualcases category-aktuelles category-franken-kredite tag-kredite tag-ogh\">\n\t\t\t<div class=\"raven-post elementor-animation-grow\">\n\t\t\t\t\t\t<div class=\"raven-post-image-wrap\">\n\t\t\t<a class=\"raven-post-image raven-image-fit\" href=\"https:\/\/www.nwhp.at\/en\/fremdwaehrungskredite-ogh-meisselt-seine-rechtsansicht-in-stein\/\"><img width=\"1024\" height=\"683\" src=\"https:\/\/www.nwhp.at\/wp-content\/uploads\/2021\/04\/kredit-1024x683.jpg\" class=\"attachment-large size-large wp-image-2279\" alt=\"\" loading=\"lazy\" srcset=\"https:\/\/www.nwhp.at\/wp-content\/uploads\/2021\/04\/kredit-1024x683.jpg 1024w, https:\/\/www.nwhp.at\/wp-content\/uploads\/2021\/04\/kredit-300x200.jpg 300w, https:\/\/www.nwhp.at\/wp-content\/uploads\/2021\/04\/kredit-768x512.jpg 768w, https:\/\/www.nwhp.at\/wp-content\/uploads\/2021\/04\/kredit-1536x1024.jpg 1536w, https:\/\/www.nwhp.at\/wp-content\/uploads\/2021\/04\/kredit.jpg 1920w\" sizes=\"(max-width: 1024px) 100vw, 1024px\" \/> <span class=\"raven-post-image-overlay\"><\/span><\/a>\t\t<\/div>\n\t\t\t\t\t\t<div class=\"raven-post-content\">\n\t\t\t\t\t<h4 class=\"raven-post-title\"><a class=\"raven-post-title-link\" href=\"https:\/\/www.nwhp.at\/en\/fremdwaehrungskredite-ogh-meisselt-seine-rechtsansicht-in-stein\/\">Fremdw\u00e4hrungskredite: OGH mei\u00dfelt seine Rechtsansicht in Stein.<\/a><\/h4>\t\t<div class=\"raven-post-meta\"><a class=\"raven-post-meta-item raven-post-date\" href=\"https:\/\/www.nwhp.at\/en\/2023\/02\/\" rel=\"bookmark\">1. February 2023<\/a>\n<span class=\"raven-post-meta-divider\">\/<\/span>\n<span class=\"raven-post-meta-item raven-post-categories\"><a href=\"https:\/\/www.nwhp.at\/en\/category\/actualcases\/\" rel=\"tag\">actual cases<\/a>, <a href=\"https:\/\/www.nwhp.at\/en\/category\/aktuelles\/\" rel=\"tag\">Aktuelles<\/a>, <a href=\"https:\/\/www.nwhp.at\/en\/category\/actualcases\/franken-kredite\/\" rel=\"tag\">Franken Kredite<\/a><\/span>\n<span class=\"raven-post-meta-divider\">\/<\/span>\n<span class=\"raven-post-meta-item raven-post-tags\"><a href=\"https:\/\/www.nwhp.at\/en\/tag\/kredite\/\" rel=\"tag\">kredite<\/a>, <a href=\"https:\/\/www.nwhp.at\/en\/tag\/ogh\/\" rel=\"tag\">OGH<\/a><\/span><\/div>\n\t\t\t\t<div class=\"raven-post-excerpt\">Verbraucherfeindliche Rechtsprechungslinie bleibt. Im Laufe des vergangenen Jahres wurde das Thema Fremdw\u00e4hrungskredit und dessen m\u00f6gliche Anfechtung wieder emsig betrieben. Die Kreditnehmer konnten Hoffnung sch\u00f6pfen, dass doch noch ein Ausweg aus<\/div>\n\t\t\t\t<div class=\"raven-post-read-more\">\n\t\t\t<a class=\"raven-post-button\" href=\"https:\/\/www.nwhp.at\/en\/fremdwaehrungskredite-ogh-meisselt-seine-rechtsansicht-in-stein\/\"><span class=\"raven-post-button-text\">Mehr lesen<\/span><\/a>\n\t\t<\/div>\n\t\t\t\t\t\t<\/div>\n\t\t\t<\/div>\n\t\t<\/div>\n\t\t\t\t<div class=\"raven-grid-item raven-post-item post-3640 post type-post status-publish format-standard has-post-thumbnail hentry category-actualcases category-aktuelles category-c35-meinl-european-land-geschaedigte\">\n\t\t\t<div class=\"raven-post elementor-animation-grow\">\n\t\t\t\t\t\t<div class=\"raven-post-image-wrap\">\n\t\t\t<a class=\"raven-post-image raven-image-fit\" href=\"https:\/\/www.nwhp.at\/en\/neue-chancen-fuer-meinl-european-land-mel-anleger\/\"><img width=\"1024\" height=\"683\" src=\"https:\/\/www.nwhp.at\/wp-content\/uploads\/2022\/10\/MEL_european_Land-1024x683.jpg\" class=\"attachment-large size-large wp-image-3657\" alt=\"\" loading=\"lazy\" srcset=\"https:\/\/www.nwhp.at\/wp-content\/uploads\/2022\/10\/MEL_european_Land-1024x683.jpg 1024w, https:\/\/www.nwhp.at\/wp-content\/uploads\/2022\/10\/MEL_european_Land-300x200.jpg 300w, https:\/\/www.nwhp.at\/wp-content\/uploads\/2022\/10\/MEL_european_Land-768x512.jpg 768w, https:\/\/www.nwhp.at\/wp-content\/uploads\/2022\/10\/MEL_european_Land-1536x1024.jpg 1536w, https:\/\/www.nwhp.at\/wp-content\/uploads\/2022\/10\/MEL_european_Land.jpg 1920w\" sizes=\"(max-width: 1024px) 100vw, 1024px\" \/> <span class=\"raven-post-image-overlay\"><\/span><\/a>\t\t<\/div>\n\t\t\t\t\t\t<div class=\"raven-post-content\">\n\t\t\t\t\t<h4 class=\"raven-post-title\"><a class=\"raven-post-title-link\" href=\"https:\/\/www.nwhp.at\/en\/neue-chancen-fuer-meinl-european-land-mel-anleger\/\">Neue Chancen f\u00fcr Meinl European Land (MEL) Anleger<\/a><\/h4>\t\t<div class=\"raven-post-meta\"><a class=\"raven-post-meta-item raven-post-date\" href=\"https:\/\/www.nwhp.at\/en\/2022\/10\/\" rel=\"bookmark\">28. October 2022<\/a>\n<span class=\"raven-post-meta-divider\">\/<\/span>\n<span class=\"raven-post-meta-item raven-post-categories\"><a href=\"https:\/\/www.nwhp.at\/en\/category\/actualcases\/\" rel=\"tag\">actual cases<\/a>, <a href=\"https:\/\/www.nwhp.at\/en\/category\/aktuelles\/\" rel=\"tag\">Aktuelles<\/a>, <a href=\"https:\/\/www.nwhp.at\/en\/category\/actualcases\/c35-meinl-european-land-geschaedigte\/\" rel=\"tag\">Meinl European Land<\/a><\/span><\/div>\n\t\t\t\t<div class=\"raven-post-excerpt\">Das erste Mal wird die pers\u00f6nliche Haftung von Julius Meinl best\u00e4tigt<\/div>\n\t\t\t\t<div class=\"raven-post-read-more\">\n\t\t\t<a class=\"raven-post-button\" href=\"https:\/\/www.nwhp.at\/en\/neue-chancen-fuer-meinl-european-land-mel-anleger\/\"><span class=\"raven-post-button-text\">Mehr lesen<\/span><\/a>\n\t\t<\/div>\n\t\t\t\t\t\t<\/div>\n\t\t\t<\/div>\n\t\t<\/div>\n\t\t\t\t<div class=\"raven-grid-item raven-post-item post-3330 post type-post status-publish format-standard has-post-thumbnail hentry category-actualcases category-aktuelles category-allgemein-akutelle-faelle tag-bonitaet tag-kreditauskunft tag-ksv\">\n\t\t\t<div class=\"raven-post elementor-animation-grow\">\n\t\t\t\t\t\t<div class=\"raven-post-image-wrap\">\n\t\t\t<a class=\"raven-post-image raven-image-fit\" href=\"https:\/\/www.nwhp.at\/en\/kreditauskunft-und-bonitaetsauskuenfte\/\"><img width=\"1024\" height=\"683\" src=\"https:\/\/www.nwhp.at\/wp-content\/uploads\/2022\/06\/bonita\u0308t-1024x683.jpg\" class=\"attachment-large size-large wp-image-3331\" alt=\"\" loading=\"lazy\" srcset=\"https:\/\/www.nwhp.at\/wp-content\/uploads\/2022\/06\/bonita\u0308t-1024x683.jpg 1024w, https:\/\/www.nwhp.at\/wp-content\/uploads\/2022\/06\/bonita\u0308t-300x200.jpg 300w, https:\/\/www.nwhp.at\/wp-content\/uploads\/2022\/06\/bonita\u0308t-768x512.jpg 768w, https:\/\/www.nwhp.at\/wp-content\/uploads\/2022\/06\/bonita\u0308t-1536x1024.jpg 1536w, https:\/\/www.nwhp.at\/wp-content\/uploads\/2022\/06\/bonita\u0308t.jpg 1920w\" sizes=\"(max-width: 1024px) 100vw, 1024px\" \/> <span class=\"raven-post-image-overlay\"><\/span><\/a>\t\t<\/div>\n\t\t\t\t\t\t<div class=\"raven-post-content\">\n\t\t\t\t\t<h4 class=\"raven-post-title\"><a class=\"raven-post-title-link\" href=\"https:\/\/www.nwhp.at\/en\/kreditauskunft-und-bonitaetsauskuenfte\/\">Kreditauskunft und Bonit\u00e4tsausk\u00fcnfte<\/a><\/h4>\t\t<div class=\"raven-post-meta\"><a class=\"raven-post-meta-item raven-post-date\" href=\"https:\/\/www.nwhp.at\/en\/2022\/06\/\" rel=\"bookmark\">21. June 2022<\/a>\n<span class=\"raven-post-meta-divider\">\/<\/span>\n<span class=\"raven-post-meta-item raven-post-categories\"><a href=\"https:\/\/www.nwhp.at\/en\/category\/actualcases\/\" rel=\"tag\">actual cases<\/a>, <a href=\"https:\/\/www.nwhp.at\/en\/category\/aktuelles\/\" rel=\"tag\">Aktuelles<\/a>, <a href=\"https:\/\/www.nwhp.at\/en\/category\/actualcases\/allgemein-akutelle-faelle\/\" rel=\"tag\">Allgemein<\/a><\/span>\n<span class=\"raven-post-meta-divider\">\/<\/span>\n<span class=\"raven-post-meta-item raven-post-tags\"><a href=\"https:\/\/www.nwhp.at\/en\/tag\/bonitaet\/\" rel=\"tag\">bonit\u00e4t<\/a>, <a href=\"https:\/\/www.nwhp.at\/en\/tag\/kreditauskunft\/\" rel=\"tag\">kreditauskunft<\/a>, <a href=\"https:\/\/www.nwhp.at\/en\/tag\/ksv\/\" rel=\"tag\">ksv<\/a><\/span><\/div>\n\t\t\t\t<div class=\"raven-post-excerpt\">Wie eine \u00fcberlange Speicherdauer in der Warnliste trotz l\u00e4ngst abgeschlossenem Insolvenzverfahren sowie idZ unklare Informationen zum Insolvenzverfahren selbst zum (datenschutz-) rechtlichen Problem wurden<\/div>\n\t\t\t\t<div class=\"raven-post-read-more\">\n\t\t\t<a class=\"raven-post-button\" href=\"https:\/\/www.nwhp.at\/en\/kreditauskunft-und-bonitaetsauskuenfte\/\"><span class=\"raven-post-button-text\">Mehr lesen<\/span><\/a>\n\t\t<\/div>\n\t\t\t\t\t\t<\/div>\n\t\t\t<\/div>\n\t\t<\/div>\n\t\t\t\t<\/div>\n\t\t\t\t<\/div>\n\t\t\t\t<\/div>\n\t\t\t\t\t<\/div>\n\t\t<\/div>\n\t\t\t\t\t\t\t<\/div>\n\t\t<\/section>\n\t\t\t\t\t\t\t<\/div>\n\t\t","protected":false},"excerpt":{"rendered":"<p>Verlassenschaften, Liegenschaften und Steuern:\u00a0Eine \u00dcbergangsbestimmung, die Abgaben sparen kann! 3. M\u00e4rz 2023 \/ Aktuelle F\u00e4lle, Aktuelles, Allgemein Verlassenschaftsabhandlungen k\u00f6nnen durch sogenannte Erbrechtsfeststellungsverfahren oder sonstige Umst\u00e4nde regelrecht blockiert werden; dies mitunter auch \u00fcber Jahre hinweg. Ein Erbrechtsfeststellungsverfahren ist ein Verfahren, das w\u00e4hrend des Verlassenschaftsverfahrens eingeleitet wird, wenn potenzielle Mehr lesen Fremdw\u00e4hrungskredite: OGH mei\u00dfelt seine Rechtsansicht in [&hellip;]<\/p>\n","protected":false},"author":1,"featured_media":0,"parent":0,"menu_order":0,"comment_status":"closed","ping_status":"closed","template":"elementor_theme","meta":[],"acf":[],"aioseo_notices":[],"_links":{"self":[{"href":"https:\/\/www.nwhp.at\/en\/wp-json\/wp\/v2\/pages\/413"}],"collection":[{"href":"https:\/\/www.nwhp.at\/en\/wp-json\/wp\/v2\/pages"}],"about":[{"href":"https:\/\/www.nwhp.at\/en\/wp-json\/wp\/v2\/types\/page"}],"author":[{"embeddable":true,"href":"https:\/\/www.nwhp.at\/en\/wp-json\/wp\/v2\/users\/1"}],"replies":[{"embeddable":true,"href":"https:\/\/www.nwhp.at\/en\/wp-json\/wp\/v2\/comments?post=413"}],"version-history":[{"count":30,"href":"https:\/\/www.nwhp.at\/en\/wp-json\/wp\/v2\/pages\/413\/revisions"}],"predecessor-version":[{"id":4110,"href":"https:\/\/www.nwhp.at\/en\/wp-json\/wp\/v2\/pages\/413\/revisions\/4110"}],"wp:attachment":[{"href":"https:\/\/www.nwhp.at\/en\/wp-json\/wp\/v2\/media?parent=413"}],"curies":[{"name":"wp","href":"https:\/\/api.w.org\/{rel}","templated":true}]}}