{"id":112,"date":"2013-02-13T16:44:53","date_gmt":"2013-02-13T14:44:53","guid":{"rendered":"http:\/\/creativeunit.at\/nwhp\/kontakt\/impressum\/"},"modified":"2022-03-02T15:00:00","modified_gmt":"2022-03-02T14:00:00","slug":"impressum","status":"publish","type":"page","link":"https:\/\/www.nwhp.at\/en\/impressum\/","title":{"rendered":"Impressum &#038; Datenschutz"},"content":{"rendered":"<p><strong>Neumayer &amp; Walter Rechtsanw\u00e4lte Partnerschaft<\/strong><br \/>\nBaumannstra\u00dfe 9, 1030 Wien<br \/>\nTelefonnummer: 712 84 79<br \/>\nTelefaxnummer: 714 52 47<br \/>\nEmailadresse: <a href=\"&#x6d;&#x61;&#x69;&#x6c;&#x74;&#111;&#58;&#114;&#101;cht&#x73;&#x61;&#x6e;&#x77;&#x61;&#x6c;&#116;&#64;&#110;eum&#x61;&#x79;&#x65;&#x72;&#x2d;&#x77;&#97;&#108;&#116;&#101;r&#46;a&#x74;\">rechtsan&#119;&#97;&#108;&#116;&#64;&#110;&#101;&#117;&#109;&#97;&#x79;&#x65;&#x72;&#x2d;&#x77;&#x61;&#x6c;&#x74;&#x65;&#x72;&#x2e;&#x61;&#x74;<\/a><br \/>\nAnwaltscode: P 110608<\/p>\n<p>Weitere Angaben nach \u00a7 5 Abs.1 ECG<br \/>\nFirmenbuchnummer (FN) 157871 p, Handelsgericht Wien,<br \/>\nUID-Nr.: ATU 43920307<br \/>\nBerufsbezeichnung: Rechtsanwalt\/Rechtsanw\u00e4lte<br \/>\nKammerzugeh\u00f6rigkeit: Rechtsanwaltskammer Wien, www.rakwien.at<br \/>\nberufsrechtliche Vorschriften: Rechtsanwaltsordnung (RAO)<br \/>\nRichtlinien f\u00fcr die Aus\u00fcbung des Rechtsberufes (RL-BA)<br \/>\nDisziplinarstatut f\u00fcr die Rechtsanw\u00e4lte und Rechtsanwaltsanw\u00e4rter (DST)<br \/>\nAutonome Honorarkriterien (AHK) und Rechtsanwaltstarifgesetz (RATG)<br \/>\nAbrufbar jeweils unter <a href=\"http:\/\/www.rakwien.at\">http:\/\/www.rakwien.at<\/a><\/p>\n<p><strong>Allgemeine Hinweise:<\/strong><br \/>\nDas Kopieren der Inhalte dieser Webseite f\u00fcr kommerzielle Zwecke, das Verarbeiten, Ver\u00e4ndern oder das Zug\u00e4nglichmachen f\u00fcr Dritte ist nicht gestattet. Der Inhalt dieser Seite kann jederzeit durch die Berechtigten ge\u00e4ndert und gel\u00f6scht werden, ohne dass daraus rechtliche Konsequenzen abgeleitet werden k\u00f6nnen.<br \/>\nDie Seite ist urheberrechtlich gesch\u00fctzt und ist die Vervielf\u00e4ltigung nur im Falle des technisch notwendigen Rahmens, nicht aber zu wirtschaftlichen Zwecken oder zum Zwecke der dauerhaften Vervielf\u00e4ltigung gestattet.<\/p>\n<p><strong>Datenschutz<\/strong><\/p>\n<p>Wir verwenden auf unserer Seite sog. Cookies zum Wiedererkennen mehrfacher Nutzung unseres Angebots, durch denselben Nutzer\/Internetanschlussinhaber. Cookies sind kleine Textdateien, die Ihr Internet-Browser auf Ihrem Rechner ablegt und speichert. Sie dienen dazu, unseren Internetauftritt und unsere Angebote zu optimieren. Es handelt sich dabei zumeist um sog. \u201eSession-Cookies\u201c, die nach dem Ende Ihres Besuches wieder gel\u00f6scht werden.<br \/>\nTeilweise geben diese Cookies jedoch Informationen ab, um Sie automatisch wieder zu erkennen. Diese Wiedererkennung erfolgt aufgrund der in den Cookies gespeicherten IP-Adresse. Die so erlangten Informationen dienen dazu, unsere Angebote zu optimieren und Ihnen einen leichteren Zugang auf unsere Seite zu erm\u00f6glichen.<br \/>\nSie k\u00f6nnen die Installation der Cookies durch eine entsprechende Einstellung Ihres Browsers verhindern; wir weisen Sie jedoch darauf hin, dass Sie in diesem Fall gegebenenfalls nicht s\u00e4mtliche Funktionen unserer Website vollumf\u00e4nglich nutzen k\u00f6nnen.<\/p>\n<p><strong>Serverdaten<\/strong><\/p>\n<p>Aus technischen Gr\u00fcnden werden u.a. folgende Daten, die Ihr Internet-Browser an uns bzw. an unseren Webspace-Provider \u00fcbermittelt, erfasst (sogenannte Serverlogfiles):<\/p>\n<p>\u2013 Browsertyp und -version<br \/>\n\u2013 verwendetes Betriebssystem<br \/>\n\u2013 Webseite, von der aus Sie uns besuchen (Referrer URL)<br \/>\n\u2013 Webseite, die Sie besuchen<br \/>\n\u2013 Datum und Uhrzeit Ihres Zugriffs<br \/>\n\u2013 Ihre Internet Protokoll (IP)-Adresse.<\/p>\n<p>Diese anonymen Daten werden getrennt von Ihren eventuell angegebenen personenbezogenen Daten gespeichert und lassen so keine R\u00fcckschl\u00fcsse auf eine bestimmte Person zu. Sie werden zu statistischen Zwecken ausgewertet, um unseren Internetauftritt und unsere Angebote optimieren zu k\u00f6nnen.<\/p>\n<p><strong>Einsatz von Google-Analytics mit Anonymisierungsfunktion<\/strong><\/p>\n<p>Diese Website benutzt Google Analytics, einen Webanalysedienst der Google Inc. (\u201eGoogle\u201c). Google Analytics verwendet sog. \u201eCookies\u201c, Textdateien, die auf Ihrem Computer gespeichert werden und die eine Analyse der Benutzung der Website durch Sie erm\u00f6glichen. Die durch das Cookie erzeugten Informationen \u00fcber Ihre Benutzung dieser Website werden in der Regel an einen Server von Google in den USA \u00fcbertragen und dort gespeichert. Im Falle der Aktivierung der IP-Anonymisierung auf dieser Website, wird Ihre IP-Adresse von Google jedoch innerhalb von Mitgliedstaaten der Europ\u00e4ischen Union oder in anderen Vertragsstaaten des Abkommens \u00fcber den Europ\u00e4ischen Wirtschaftsraum zuvor gek\u00fcrzt. Nur in Ausnahmef\u00e4llen wird die volle IP-Adresse an einen Server von Google in den USA \u00fcbertragen und dort gek\u00fcrzt. Im Auftrag des Betreibers dieser Website wird Google diese Informationen benutzen, um Ihre Nutzung der Website auszuwerten, um Reports \u00fcber die Websiteaktivit\u00e4ten zusammenzustellen und um weitere mit der Websitenutzung und der Internetnutzung verbundene Dienstleistungen gegen\u00fcber dem Websitebetreiber zu erbringen. Die im Rahmen von Google Analytics von Ihrem Browser \u00fcbermittelte IP-Adresse wird nicht mit anderen Daten von Google zusammengef\u00fchrt. Sie k\u00f6nnen die Speicherung der Cookies durch eine entsprechende Einstellung Ihrer Browser-Software verhindern; wir weisen Sie jedoch darauf hin, dass Sie in diesem Fall gegebenenfalls nicht s\u00e4mtliche Funktionen dieser Website vollumf\u00e4nglich werden nutzen k\u00f6nnen. Sie k\u00f6nnen dar\u00fcber hinaus die Erfassung der durch das Cookie erzeugten und auf Ihre Nutzung der Website bezogenen Daten (inkl. Ihrer IP-Adresse) an Google sowie die Verarbeitung dieser Daten durch Google verhindern, indem Sie das unter dem folgenden Link (<a href=\"http:\/\/tools.google.com\/dlpage\/gaoptout?hl=de\">http:\/\/tools.google.com\/dlpage\/gaoptout?hl=de<\/a>) verf\u00fcgbare Browser-Plugin herunterladen und installieren.<\/p>\n<p>Sie k\u00f6nnen die Erfassung durch Google Analytics verhindern, indem Sie auf folgenden Link klicken. Es wird ein Opt-Out-Cookie gesetzt, das die zuk\u00fcnftige Erfassung Ihrer Daten beim Besuch dieser Website verhindert: [google_analytics_optout]Hier klicken.[\/google_analytics_optout]\n<p>N\u00e4here Informationen zu Nutzungsbedingungen und Datenschutz finden Sie unter <a href=\"http:\/\/www.google.com\/analytics\/terms\/de.html\">http:\/\/www.google.com\/analytics\/terms\/de.html<\/a> bzw. unter <a href=\"https:\/\/www.google.de\/intl\/de\/policies\/\">https:\/\/www.google.de\/intl\/de\/policies\/<\/a>. Wir weisen Sie darauf hin, dass auf dieser Website Google Analytics um den Code \u201eanonymizeIp\u201c erweitert wurde, um eine anonymisierte Erfassung von IP-Adressen (sog. IP-Masking) zu gew\u00e4hrleisten.<\/p>\n<p><strong>Sie haben das Recht:<\/strong><\/p>\n<p>gem\u00e4\u00df Art. 7 Abs. 3 DSGVO Ihre einmal erteilte Einwilligung jederzeit gegen\u00fcber uns zu widerrufen. Dies hat zur Folge, dass wir die Datenverarbeitung, die auf dieser Einwilligung beruhte, f\u00fcr die Zukunft nicht mehr fortf\u00fchren d\u00fcrfen;<\/p>\n<p>gem\u00e4\u00df Art. 15 DSGVO Auskunft \u00fcber Ihre von uns verarbeiteten personenbezogenen Daten zu verlangen. Insbesondere k\u00f6nnen Sie Auskunft \u00fcber die Verarbeitungszwecke, die Kategorie der personenbezogenen Daten, die Kategorien von Empf\u00e4ngern, gegen\u00fcber denen Ihre Daten offengelegt wurden oder werden, die geplante Speicherdauer, das Bestehen eines Rechts auf Berichtigung, L\u00f6schung, Einschr\u00e4nkung der Verarbeitung oder Widerspruch, das Bestehen eines Beschwerderechts, die Herkunft ihrer Daten, sofern diese nicht bei uns erhoben wurden, sowie \u00fcber das Bestehen einer automatisierten Entscheidungsfindung einschlie\u00dflich Profiling und ggf. aussagekr\u00e4ftigen Informationen zu deren Einzelheiten verlangen;<\/p>\n<p>gem\u00e4\u00df Art. 16 DSGVO unverz\u00fcglich die Berichtigung unrichtiger oder Vervollst\u00e4ndigung Ihrer bei uns gespeicherten personenbezogenen Daten zu verlangen;<\/p>\n<p>gem\u00e4\u00df Art. 17 DSGVO die L\u00f6schung Ihrer bei uns gespeicherten personenbezogenen Daten zu verlangen, soweit nicht die Verarbeitung zur Aus\u00fcbung des Rechts auf freie Meinungs\u00e4u\u00dferung und Information, zur Erf\u00fcllung einer rechtlichen Verpflichtung, aus Gr\u00fcnden des \u00f6ffentlichen Interesses oder zur Geltendmachung, Aus\u00fcbung oder Verteidigung von Rechtsanspr\u00fcchen erforderlich ist;<\/p>\n<p>gem\u00e4\u00df Art. 18 DSGVO die Einschr\u00e4nkung der Verarbeitung Ihrer personenbezogenen Daten zu verlangen, soweit die Richtigkeit der Daten von Ihnen bestritten wird, die Verarbeitung unrechtm\u00e4\u00dfig ist, Sie aber deren L\u00f6schung ablehnen und wir die Daten nicht mehr ben\u00f6tigen, Sie jedoch diese zur Geltendmachung, Aus\u00fcbung oder Verteidigung von Rechtsanspr\u00fcchen ben\u00f6tigen oder Sie gem\u00e4\u00df Art. 21 DSGVO Widerspruch gegen die Verarbeitung eingelegt haben;<\/p>\n<p>gem\u00e4\u00df Art. 20 DSGVO Ihre personenbezogenen Daten, die Sie uns bereitgestellt haben, in einem strukturierten, g\u00e4ngigen und maschinenlesebaren Format zu erhalten oder die \u00dcbermittlung an einen anderen Verantwortlichen zu verlangen und<\/p>\n<p>gem\u00e4\u00df Art. 77 DSGVO sich bei einer Aufsichtsbeh\u00f6rde zu beschweren. In der Regel k\u00f6nnen Sie sich hierf\u00fcr an die Aufsichtsbeh\u00f6rde Ihres \u00fcblichen Aufenthaltsortes oder Arbeitsplatzes oder unseres Kanzleisitzes wenden.<\/p>\n<p><strong>Widerspruchsrecht<\/strong><\/p>\n<p>Sofern Ihre personenbezogenen Daten auf Grundlage von berechtigten Interessen gem\u00e4\u00df Art. 6 Abs. 1 S. 1 lit. f DSGVO verarbeitet werden, haben Sie das Recht, gem\u00e4\u00df Art. 21 DSGVO Widerspruch gegen die Verarbeitung Ihrer personenbezogenen Daten einzulegen, soweit daf\u00fcr Gr\u00fcnde vorliegen, die sich aus Ihrer besonderen Situation ergeben.<\/p>\n<p>M\u00f6chten Sie von Ihrem Widerspruchsrecht Gebrauch machen, gen\u00fcgt eine E-Mail an &#x72;&#x65;&#x63;&#x68;&#x74;&#x73;&#x61;&#x6e;&#x77;&#x61;&#x6c;&#x74;&#x40;&#x6e;&#x65;&#x75;&#x6d;&#x61;&#x79;&#x65;&#x72;&#x2d;&#x77;&#x61;&#x6c;&#x74;&#x65;&#x72;&#x2e;&#x61;&#x74;<\/p>\n<p><b>Aktualit\u00e4t und \u00c4nderung dieser Datenschutzerkl\u00e4rung<\/b><\/p>\n<p>Diese Datenschutzerkl\u00e4rung ist aktuell g\u00fcltig und hat den Stand Mai 2018.<\/p>\n<p>Durch die Weiterentwicklung unserer Website und Angebote dar\u00fcber oder aufgrund ge\u00e4nderter gesetzlicher beziehungsweise beh\u00f6rdlicher Vorgaben kann es notwendig werden, diese Datenschutzerkl\u00e4rung zu \u00e4ndern. Die jeweils aktuelle Datenschutzerkl\u00e4rung kann jederzeit auf der Website von Ihnen abgerufen und ausgedruckt werden.<\/p>\n","protected":false},"excerpt":{"rendered":"<p>Neumayer &amp; Walter Rechtsanw\u00e4lte Partnerschaft Baumannstra\u00dfe 9, 1030 Wien Telefonnummer: 712 84 79 Telefaxnummer: 714 52 47 Emailadresse: r&#101;&#x63;&#x68;t&#115;&#97;&#x6e;&#x77;a&#108;&#x74;&#x40;n&#101;&#117;&#x6d;&#x61;y&#101;&#x72;&#x2d;w&#97;&#108;&#x74;&#x65;r&#46;&#x61;&#x74; Anwaltscode: P 110608 Weitere Angaben nach \u00a7 5 Abs.1 ECG Firmenbuchnummer (FN) 157871 p, Handelsgericht Wien, UID-Nr.: ATU 43920307 Berufsbezeichnung: Rechtsanwalt\/Rechtsanw\u00e4lte Kammerzugeh\u00f6rigkeit: Rechtsanwaltskammer Wien, www.rakwien.at berufsrechtliche Vorschriften: Rechtsanwaltsordnung (RAO) Richtlinien f\u00fcr die Aus\u00fcbung des Rechtsberufes (RL-BA) [&hellip;]<\/p>\n","protected":false},"author":1,"featured_media":0,"parent":0,"menu_order":0,"comment_status":"open","ping_status":"closed","template":"","meta":[],"acf":[],"aioseo_notices":[],"_links":{"self":[{"href":"https:\/\/www.nwhp.at\/en\/wp-json\/wp\/v2\/pages\/112"}],"collection":[{"href":"https:\/\/www.nwhp.at\/en\/wp-json\/wp\/v2\/pages"}],"about":[{"href":"https:\/\/www.nwhp.at\/en\/wp-json\/wp\/v2\/types\/page"}],"author":[{"embeddable":true,"href":"https:\/\/www.nwhp.at\/en\/wp-json\/wp\/v2\/users\/1"}],"replies":[{"embeddable":true,"href":"https:\/\/www.nwhp.at\/en\/wp-json\/wp\/v2\/comments?post=112"}],"version-history":[{"count":10,"href":"https:\/\/www.nwhp.at\/en\/wp-json\/wp\/v2\/pages\/112\/revisions"}],"predecessor-version":[{"id":2511,"href":"https:\/\/www.nwhp.at\/en\/wp-json\/wp\/v2\/pages\/112\/revisions\/2511"}],"wp:attachment":[{"href":"https:\/\/www.nwhp.at\/en\/wp-json\/wp\/v2\/media?parent=112"}],"curies":[{"name":"wp","href":"https:\/\/api.w.org\/{rel}","templated":true}]}}